{"id":1011,"date":"2024-11-03T10:31:33","date_gmt":"2024-11-03T10:31:33","guid":{"rendered":"https:\/\/glueckskatzen.ch\/?page_id=1011"},"modified":"2024-11-03T12:03:03","modified_gmt":"2024-11-03T12:03:03","slug":"situation-dubai","status":"publish","type":"page","link":"https:\/\/glueckskatzen.ch\/?page_id=1011","title":{"rendered":"Situation Dubai"},"content":{"rendered":"<style>.kb-row-layout-id1011_0d92bd-9e > .kt-row-column-wrap{align-content:start;}:where(.kb-row-layout-id1011_0d92bd-9e > .kt-row-column-wrap) > .wp-block-kadence-column{justify-content:start;}.kb-row-layout-id1011_0d92bd-9e > .kt-row-column-wrap{column-gap:var(--global-kb-gap-md, 2rem);row-gap:var(--global-kb-gap-md, 2rem);padding-top:var(--global-kb-spacing-sm, 1.5rem);padding-bottom:var(--global-kb-spacing-5xl, 10rem);grid-template-columns:minmax(0, 1fr);}.kb-row-layout-id1011_0d92bd-9e > .kt-row-layout-overlay{opacity:0.30;}@media all and (max-width: 1024px){.kb-row-layout-id1011_0d92bd-9e > .kt-row-column-wrap{grid-template-columns:minmax(0, 1fr);}}@media all and (max-width: 767px){.kb-row-layout-id1011_0d92bd-9e > .kt-row-column-wrap{grid-template-columns:minmax(0, 1fr);}}<\/style><div class=\"kb-row-layout-wrap kb-row-layout-id1011_0d92bd-9e alignnone wp-block-kadence-rowlayout\"><div class=\"kt-row-column-wrap kt-has-1-columns kt-row-layout-equal kt-tab-layout-inherit kt-mobile-layout-row kt-row-valign-top\">\n<style>.kadence-column1011_b5208b-f2 > .kt-inside-inner-col,.kadence-column1011_b5208b-f2 > .kt-inside-inner-col:before{border-top-left-radius:0px;border-top-right-radius:0px;border-bottom-right-radius:0px;border-bottom-left-radius:0px;}.kadence-column1011_b5208b-f2 > .kt-inside-inner-col{column-gap:var(--global-kb-gap-sm, 1rem);}.kadence-column1011_b5208b-f2 > .kt-inside-inner-col{flex-direction:column;}.kadence-column1011_b5208b-f2 > .kt-inside-inner-col > .aligncenter{width:100%;}.kadence-column1011_b5208b-f2 > .kt-inside-inner-col:before{opacity:0.3;}.kadence-column1011_b5208b-f2{position:relative;}@media all and (max-width: 1024px){.kadence-column1011_b5208b-f2 > .kt-inside-inner-col{flex-direction:column;justify-content:center;}}@media all and (max-width: 767px){.kadence-column1011_b5208b-f2 > .kt-inside-inner-col{flex-direction:column;justify-content:center;}}<\/style>\n<div class=\"wp-block-kadence-column kadence-column1011_b5208b-f2\"><div class=\"kt-inside-inner-col\"><\/div><\/div>\n\n<\/div><\/div>\n\n<style>.kb-row-layout-id1011_8fb854-71 > .kt-row-column-wrap{align-content:start;}:where(.kb-row-layout-id1011_8fb854-71 > .kt-row-column-wrap) > .wp-block-kadence-column{justify-content:start;}.kb-row-layout-id1011_8fb854-71 > .kt-row-column-wrap{column-gap:var(--global-kb-gap-md, 2rem);row-gap:var(--global-kb-gap-md, 2rem);max-width:var( --global-content-width, 1475px );padding-left:var(--global-content-edge-padding);padding-right:var(--global-content-edge-padding);padding-top:var(--global-kb-spacing-md, 2rem);padding-bottom:var(--global-kb-spacing-md, 2rem);grid-template-columns:minmax(0, 1fr);}.kb-row-layout-id1011_8fb854-71 > .kt-row-layout-overlay{opacity:0.30;}@media all and (max-width: 1024px){.kb-row-layout-id1011_8fb854-71 > .kt-row-column-wrap{grid-template-columns:minmax(0, 1fr);}}@media all and (max-width: 767px){.kb-row-layout-id1011_8fb854-71 > .kt-row-column-wrap{grid-template-columns:minmax(0, 1fr);}}<\/style><div class=\"kb-row-layout-wrap kb-row-layout-id1011_8fb854-71 alignfull has-theme-palette9-background-color kt-row-has-bg wp-block-kadence-rowlayout\"><div class=\"kt-row-column-wrap kt-has-1-columns kt-row-layout-equal kt-tab-layout-inherit kt-mobile-layout-row kt-row-valign-top kb-theme-content-width\">\n<style>.kadence-column1011_4586d7-25 > .kt-inside-inner-col,.kadence-column1011_4586d7-25 > .kt-inside-inner-col:before{border-top-left-radius:0px;border-top-right-radius:0px;border-bottom-right-radius:0px;border-bottom-left-radius:0px;}.kadence-column1011_4586d7-25 > .kt-inside-inner-col{column-gap:var(--global-kb-gap-sm, 1rem);}.kadence-column1011_4586d7-25 > .kt-inside-inner-col{flex-direction:column;}.kadence-column1011_4586d7-25 > .kt-inside-inner-col > .aligncenter{width:100%;}.kadence-column1011_4586d7-25 > .kt-inside-inner-col:before{opacity:0.3;}.kadence-column1011_4586d7-25{position:relative;}@media all and (max-width: 1024px){.kadence-column1011_4586d7-25 > .kt-inside-inner-col{flex-direction:column;justify-content:center;}}@media all and (max-width: 767px){.kadence-column1011_4586d7-25 > .kt-inside-inner-col{flex-direction:column;justify-content:center;}}<\/style>\n<div class=\"wp-block-kadence-column kadence-column1011_4586d7-25 inner-column-1\"><div class=\"kt-inside-inner-col\"><style>.wp-block-kadence-advancedheading.kt-adv-heading1011_19785f-f3, .wp-block-kadence-advancedheading.kt-adv-heading1011_19785f-f3[data-kb-block=\"kb-adv-heading1011_19785f-f3\"]{margin-top:0px;margin-bottom:var(--global-kb-spacing-xs, 1rem);text-align:center;font-size:var(--global-kb-font-size-xxl, 4rem);line-height:1;font-style:normal;}.wp-block-kadence-advancedheading.kt-adv-heading1011_19785f-f3 mark.kt-highlight, .wp-block-kadence-advancedheading.kt-adv-heading1011_19785f-f3[data-kb-block=\"kb-adv-heading1011_19785f-f3\"] mark.kt-highlight{font-style:normal;color:#f76a0c;-webkit-box-decoration-break:clone;box-decoration-break:clone;padding-top:0px;padding-right:0px;padding-bottom:0px;padding-left:0px;}.wp-block-kadence-advancedheading.kt-adv-heading1011_19785f-f3 img.kb-inline-image, .wp-block-kadence-advancedheading.kt-adv-heading1011_19785f-f3[data-kb-block=\"kb-adv-heading1011_19785f-f3\"] img.kb-inline-image{width:150px;vertical-align:baseline;}<\/style>\n<h2 class=\"kt-adv-heading1011_19785f-f3 wp-block-kadence-advancedheading has-theme-palette-3-color has-text-color\" data-kb-block=\"kb-adv-heading1011_19785f-f3\">Situation in Dubai<\/h2>\n\n\n<style>.wp-block-kadence-advancedheading.kt-adv-heading1011_6c3656-a6, .wp-block-kadence-advancedheading.kt-adv-heading1011_6c3656-a6[data-kb-block=\"kb-adv-heading1011_6c3656-a6\"]{max-width:70%;margin-right:auto;margin-left:auto;text-align:center;font-size:var(--global-kb-font-size-md, 1.25rem);line-height:1.2;font-style:normal;}.wp-block-kadence-advancedheading.kt-adv-heading1011_6c3656-a6 mark.kt-highlight, .wp-block-kadence-advancedheading.kt-adv-heading1011_6c3656-a6[data-kb-block=\"kb-adv-heading1011_6c3656-a6\"] mark.kt-highlight{font-style:normal;color:#f76a0c;-webkit-box-decoration-break:clone;box-decoration-break:clone;padding-top:0px;padding-right:0px;padding-bottom:0px;padding-left:0px;}.wp-block-kadence-advancedheading.kt-adv-heading1011_6c3656-a6 img.kb-inline-image, .wp-block-kadence-advancedheading.kt-adv-heading1011_6c3656-a6[data-kb-block=\"kb-adv-heading1011_6c3656-a6\"] img.kb-inline-image{width:150px;vertical-align:baseline;}@media all and (max-width: 1024px){.wp-block-kadence-advancedheading.kt-adv-heading1011_6c3656-a6, .wp-block-kadence-advancedheading.kt-adv-heading1011_6c3656-a6[data-kb-block=\"kb-adv-heading1011_6c3656-a6\"]{max-width:85%;}}@media all and (max-width: 767px){.wp-block-kadence-advancedheading.kt-adv-heading1011_6c3656-a6, .wp-block-kadence-advancedheading.kt-adv-heading1011_6c3656-a6[data-kb-block=\"kb-adv-heading1011_6c3656-a6\"]{max-width:100%;}}<\/style>\n<p class=\"kt-adv-heading1011_6c3656-a6 wp-block-kadence-advancedheading has-theme-palette-4-color has-text-color\" data-kb-block=\"kb-adv-heading1011_6c3656-a6\">Spenden f\u00fcr Strassenkatzen aus dem Luxus?&nbsp;Adoptionen aus dem Reichtum nach Europa? Die ersten Fragen, die uns immer wieder gestellt werden, wenn wir Spenden, Pflegestellen oder neue Zuhause f\u00fcr Katzen aus den Vereinigen Arabischen Emiraten (VAE oder aus dem Englischen UAE) suchen, sind immer dieselben:<br>Aber diese L\u00e4nder sind doch so reich, dann kann es den Katzen (oder Hunden) gar nicht so schlecht dort gehen? &#8211; Warum sollen wir denn die Pflege oder medizinische Versorgung von Tieren aus so reichen L\u00e4ndern finanziell unterst\u00fctzen oder sie gar nach Europa holen? &#8211; Manchmal werden wir auch gefragt, ob es den Tieren nicht gerade in (reichen) muslimischen L\u00e4ndern besonders gut geht.<br>\u200b<br>Wenn man allgemein an die VAE, wie Dubai oder Abu Dhabi, denkt, fallen einem sofort Glitzer und Glamour ein, strahlende Ausdr\u00fccke von Reichtum und moderner Architektur wie etwa der Burj Khalifa, oder Shopping der Extra-Klasse. Und es ist wahr, dass die L\u00e4nder von denen wir sprechen, allgemein im Vergleich zu vielen anderen als reich gelten \u2013 obwohl es auch dort Menschen gibt, die am Rande des Existenzminimums und darunter leben.<br>\u200b<br>Haustiere gelten in den VAE \u2013 wie auch in vielen anderen L\u00e4ndern der Welt \u2013 f\u00fcr bestimmte Menschen als ersetzbar oder sind \u00abSpielzeug\u00bb oder \u00abModeaccessoir\u00bb, dem man sich wieder entledigt, wenn man daran die Lust verloren hat. Manchmal werden Haustiere auch ausgesetzt, weil ihre Halter nicht f\u00fcr anstehende medizinische Behandlungen bezahlen wollen oder k\u00f6nnen, oder wenn sie \u00abunbequem\u00bb werden, z.B. Katzen an den M\u00f6beln kratzen oder Hunde zu laut bellen. Es gibt wohlhabende Menschen, die sich zeitweise sehr gut um ihre Tiere k\u00fcmmern, sie aber zur Ferienzeit freilassen oder aussetzen. Ein riesiges Problem ist auch, dass es viele ArbeitsmigrantInnen gibt, die w\u00e4hrend ihrer Zeit in den VAE dort Katzen oder Hunde halten, diese aber bei ihrer Ausreise aussetzen, weil sie kein neues Zuhause f\u00fcr sie finden k\u00f6nnen. Diese verlassenen Haustiere haben es besonders schwer, weil sie es nicht gelernt haben sich im t\u00e4glichen \u00dcberlebenskampf auf der Strasse zu behaupten.<br>\u200b<br>In den VAE leben gesch\u00e4tzt 750\u2019000 bis 900\u2019000 Katzen und Hunde auf der Strasse und sind v\u00f6llig auf sich alleine gestellt. Sie haben keine BesitzerInnen, die sich um ihre Ern\u00e4hrung, medizinische Versorgung oder darum k\u00fcmmern w\u00fcrden, dass sie sich nicht ungebremst weitervermehren. Die Lebensumst\u00e4nde dieser Tiere sind sehr schlecht und ihr t\u00e4glicher \u00dcberlebenskampf ist gepr\u00e4gt von Mangel an Futter, Wasser und in dem heissen Klima so wichtigen Schatten. Viele Tiere sterben gerade in den heissen Monaten, in denen es gut und gerne mal bis zu 50 Grad heiss werden kann an Dehydrierung oder Hitzschlag. Die elementarsten Bed\u00fcrfnisse dieser Tiere werden in keiner Weise gedeckt.<br>\u200b<br>Krankheiten und Verletzungen werden nicht behandelt, sondern Infektionen verbreiten sich schnell, und die kranken oder verletzen Tiere sterben elendig. Die \u00dcberlebensrate besonders der Katzenbabies und Hundewelpen ist extrem klein, und viele werden blind, weil sich ihre Augen entz\u00fcnden. Bei dem grossen Verkehrsaufkommen ist es auch nicht \u00fcberraschend, dass viele Katzen und Hunde Opfer von Autos, Bussen oder anderen Fahrzeugen werden.<br>\u200b<br>Dazu kommt, dass jeden Tag sogenannte Pest Control Teams unterwegs sind, um sie einzufangen und zu t\u00f6ten.&nbsp; Leider kommt es in den VAE immer wieder zu Beschwerden von AnwohnerInnen, LadenbesitzerInnen und TouristInnen \u00fcber streunende Strassenkatzen oder -Hunde. Die Beh\u00f6rden nehmen diese Beschwerden \u2013 teilweise auch nur vordergr\u00fcndig \u2013 zum Anlass, die Tiere einzufangen und weitab der St\u00e4dte in der W\u00fcste auszusetzen, wo sie in der Hitze qualvoll verhungern und verdursten. Es gibt z.B. in Dubai nur ein Tierheim. Dort werden die Tiere f\u00fcr ein paar Tage gesammelt, falls sich noch ein Besitzer meldet. Falls das nicht der Fall sein sollte, werden sie get\u00f6tet.<br>\u200b<br>Dass die VAE im Vergleich zu vielen anderen L\u00e4ndern \u00abreich\u00bb sind, bedeutet also nicht, dass es dort den Katzen und Hunden besonders gut geht \u2013 vor allem nicht, wenn sie herrenlos auf der Strasse leben.<br>In den VAE gibt es Tiersch\u00fctzerInnen, die dieses Leid nicht tatenlos hinnehmen und die Tiere auf der Strasse f\u00fcttern und ihnen Wasser geben. Sie bringen kranke und verletzte Tiere zum Tierarzt, nehmen sie zuhause bei sich auf und suchen Familien oder Einzelpersonen, die die Tiere zur Pflege aufnehmen oder ganz behalten m\u00f6chten. Wichtig sind auch die TNR-Aktionen (TNR = Trap, Neuter and Return), die von engagierten Tiersch\u00fctzerInnen und Tier\u00e4rztInnen durchgef\u00fchrt werden, in deren Rahmen die Tiere eingefangen, kastriert bzw. sterilisiert und wieder freigelassen werden.<br>\u200b<br>\u00dcbrigens: Streunenden Katzen und Hunden Wasser oder Futter zu geben, und Geld zu sammeln f\u00fcr ihre medizinische Versorgung ist f\u00fcr Menschen in den VAE nicht erlaubt. Die TierretterInnen in VAE, die dies tun und damit viel Leid lindern und verhindern, machen sich theoretisch strafbar und riskieren hohe Bussen f\u00fcr ihren Einsatz. Einige von ihnen haben dies auch bereits praktisch so erlebt, und das Bussgeld fehlt dann auch wieder im Tierschutz.<br>&nbsp;<br>Darum finden wir es enorm wichtig, dass wir die Tiere und die TierretterInnen in den VAE unterst\u00fctzen und ihnen helfen. Sie tragen mit ihrer Mitgliedschaft bei den Gl\u00fcckskatzen, Ihren Spenden und damit, dass Sie anderen von Gl\u00fcckskatzen und der Situation der Strassenkatzen und -Hunde in den VAE erz\u00e4hlen, dazu bei, dass diesen leidenden Katzen und Hunden geholfen wird, sie von Tier\u00e4rztInnen behandelt werden, dass Kastrationen und Sterilisierungen durchgef\u00fchrt werden und: Sie tragen dazu bei, dass Katzen und Hunde ein gutes Zuhause finden, wo sie gesund und zufrieden mit Ihren neuen BesitzerInnen m\u00f6glichst lange gl\u00fccklich leben werden!<\/p>\n<\/div><\/div>\n\n<\/div><\/div>","protected":false},"excerpt":{"rendered":"<p>Situation in Dubai Spenden f\u00fcr Strassenkatzen aus dem Luxus?&nbsp;Adoptionen aus dem Reichtum nach Europa? Die ersten Fragen, die uns immer wieder gestellt werden, wenn wir Spenden, Pflegestellen oder neue Zuhause f\u00fcr Katzen aus den Vereinigen Arabischen Emiraten (VAE oder aus dem Englischen UAE) suchen, sind immer dieselben:Aber diese L\u00e4nder sind doch so reich, dann kann&#8230;<\/p>\n","protected":false},"author":1,"featured_media":0,"parent":0,"menu_order":0,"comment_status":"closed","ping_status":"closed","template":"","meta":{"_kadence_starter_templates_imported_post":false,"_kad_post_transparent":"","_kad_post_title":"","_kad_post_layout":"","_kad_post_sidebar_id":"","_kad_post_content_style":"","_kad_post_vertical_padding":"","_kad_post_feature":"","_kad_post_feature_position":"","_kad_post_header":false,"_kad_post_footer":false,"_kad_post_classname":"","footnotes":""},"class_list":["post-1011","page","type-page","status-publish","hentry"],"featured_image_src":null,"featured_image_src_square":null,"_links":{"self":[{"href":"https:\/\/glueckskatzen.ch\/index.php?rest_route=\/wp\/v2\/pages\/1011","targetHints":{"allow":["GET"]}}],"collection":[{"href":"https:\/\/glueckskatzen.ch\/index.php?rest_route=\/wp\/v2\/pages"}],"about":[{"href":"https:\/\/glueckskatzen.ch\/index.php?rest_route=\/wp\/v2\/types\/page"}],"author":[{"embeddable":true,"href":"https:\/\/glueckskatzen.ch\/index.php?rest_route=\/wp\/v2\/users\/1"}],"replies":[{"embeddable":true,"href":"https:\/\/glueckskatzen.ch\/index.php?rest_route=%2Fwp%2Fv2%2Fcomments&post=1011"}],"version-history":[{"count":10,"href":"https:\/\/glueckskatzen.ch\/index.php?rest_route=\/wp\/v2\/pages\/1011\/revisions"}],"predecessor-version":[{"id":1079,"href":"https:\/\/glueckskatzen.ch\/index.php?rest_route=\/wp\/v2\/pages\/1011\/revisions\/1079"}],"wp:attachment":[{"href":"https:\/\/glueckskatzen.ch\/index.php?rest_route=%2Fwp%2Fv2%2Fmedia&parent=1011"}],"curies":[{"name":"wp","href":"https:\/\/api.w.org\/{rel}","templated":true}]}}