{"id":48,"date":"2024-11-01T10:57:21","date_gmt":"2024-11-01T10:57:21","guid":{"rendered":"https:\/\/glueckskatzen.ch\/?page_id=48"},"modified":"2024-11-03T12:08:02","modified_gmt":"2024-11-03T12:08:02","slug":"adoption","status":"publish","type":"page","link":"https:\/\/glueckskatzen.ch\/?page_id=48","title":{"rendered":"Adoption"},"content":{"rendered":"<style>.kb-row-layout-id48_c3f076-3f > .kt-row-column-wrap{align-content:start;}:where(.kb-row-layout-id48_c3f076-3f > .kt-row-column-wrap) > .wp-block-kadence-column{justify-content:start;}.kb-row-layout-id48_c3f076-3f > .kt-row-column-wrap{column-gap:var(--global-kb-gap-md, 2rem);row-gap:var(--global-kb-gap-md, 2rem);padding-top:var(--global-kb-spacing-sm, 1.5rem);padding-bottom:var(--global-kb-spacing-5xl, 10rem);grid-template-columns:minmax(0, 1fr);}.kb-row-layout-id48_c3f076-3f > .kt-row-layout-overlay{opacity:0.30;}@media all and (max-width: 1024px){.kb-row-layout-id48_c3f076-3f > .kt-row-column-wrap{grid-template-columns:minmax(0, 1fr);}}@media all and (max-width: 767px){.kb-row-layout-id48_c3f076-3f > .kt-row-column-wrap{grid-template-columns:minmax(0, 1fr);}}<\/style><div class=\"kb-row-layout-wrap kb-row-layout-id48_c3f076-3f alignnone wp-block-kadence-rowlayout\"><div class=\"kt-row-column-wrap kt-has-1-columns kt-row-layout-equal kt-tab-layout-inherit kt-mobile-layout-row kt-row-valign-top\">\n<style>.kadence-column48_8aa647-a0 > .kt-inside-inner-col,.kadence-column48_8aa647-a0 > .kt-inside-inner-col:before{border-top-left-radius:0px;border-top-right-radius:0px;border-bottom-right-radius:0px;border-bottom-left-radius:0px;}.kadence-column48_8aa647-a0 > .kt-inside-inner-col{column-gap:var(--global-kb-gap-sm, 1rem);}.kadence-column48_8aa647-a0 > .kt-inside-inner-col{flex-direction:column;}.kadence-column48_8aa647-a0 > .kt-inside-inner-col > .aligncenter{width:100%;}.kadence-column48_8aa647-a0 > .kt-inside-inner-col:before{opacity:0.3;}.kadence-column48_8aa647-a0{position:relative;}@media all and (max-width: 1024px){.kadence-column48_8aa647-a0 > .kt-inside-inner-col{flex-direction:column;justify-content:center;}}@media all and (max-width: 767px){.kadence-column48_8aa647-a0 > .kt-inside-inner-col{flex-direction:column;justify-content:center;}}<\/style>\n<div class=\"wp-block-kadence-column kadence-column48_8aa647-a0\"><div class=\"kt-inside-inner-col\"><\/div><\/div>\n\n<\/div><\/div>\n\n<style>.kb-row-layout-id48_98af78-bb > .kt-row-column-wrap{align-content:start;}:where(.kb-row-layout-id48_98af78-bb > .kt-row-column-wrap) > .wp-block-kadence-column{justify-content:start;}.kb-row-layout-id48_98af78-bb > .kt-row-column-wrap{column-gap:var(--global-kb-gap-md, 2rem);row-gap:var(--global-kb-gap-md, 2rem);max-width:var( --global-content-width, 1475px );padding-left:var(--global-content-edge-padding);padding-right:var(--global-content-edge-padding);padding-top:var(--global-kb-spacing-md, 2rem);padding-bottom:var(--global-kb-spacing-md, 2rem);grid-template-columns:minmax(0, 1fr);}.kb-row-layout-id48_98af78-bb > .kt-row-layout-overlay{opacity:0.30;}@media all and (max-width: 1024px){.kb-row-layout-id48_98af78-bb > .kt-row-column-wrap{grid-template-columns:minmax(0, 1fr);}}@media all and (max-width: 767px){.kb-row-layout-id48_98af78-bb > .kt-row-column-wrap{grid-template-columns:minmax(0, 1fr);}}<\/style><div class=\"kb-row-layout-wrap kb-row-layout-id48_98af78-bb alignfull has-theme-palette9-background-color kt-row-has-bg wp-block-kadence-rowlayout\"><div class=\"kt-row-column-wrap kt-has-1-columns kt-row-layout-equal kt-tab-layout-inherit kt-mobile-layout-row kt-row-valign-top kb-theme-content-width\">\n<style>.kadence-column48_aa498a-17 > .kt-inside-inner-col,.kadence-column48_aa498a-17 > .kt-inside-inner-col:before{border-top-left-radius:0px;border-top-right-radius:0px;border-bottom-right-radius:0px;border-bottom-left-radius:0px;}.kadence-column48_aa498a-17 > .kt-inside-inner-col{column-gap:var(--global-kb-gap-sm, 1rem);}.kadence-column48_aa498a-17 > .kt-inside-inner-col{flex-direction:column;}.kadence-column48_aa498a-17 > .kt-inside-inner-col > .aligncenter{width:100%;}.kadence-column48_aa498a-17 > .kt-inside-inner-col:before{opacity:0.3;}.kadence-column48_aa498a-17{position:relative;}@media all and (max-width: 1024px){.kadence-column48_aa498a-17 > .kt-inside-inner-col{flex-direction:column;justify-content:center;}}@media all and (max-width: 767px){.kadence-column48_aa498a-17 > .kt-inside-inner-col{flex-direction:column;justify-content:center;}}<\/style>\n<div class=\"wp-block-kadence-column kadence-column48_aa498a-17 inner-column-1\"><div class=\"kt-inside-inner-col\"><style>.wp-block-kadence-advancedheading.kt-adv-heading48_5f6719-d6, .wp-block-kadence-advancedheading.kt-adv-heading48_5f6719-d6[data-kb-block=\"kb-adv-heading48_5f6719-d6\"]{margin-top:0px;margin-bottom:var(--global-kb-spacing-xs, 1rem);text-align:center;font-size:var(--global-kb-font-size-xl, 3rem);line-height:1.4;font-style:normal;}.wp-block-kadence-advancedheading.kt-adv-heading48_5f6719-d6 mark.kt-highlight, .wp-block-kadence-advancedheading.kt-adv-heading48_5f6719-d6[data-kb-block=\"kb-adv-heading48_5f6719-d6\"] mark.kt-highlight{font-style:normal;color:#f76a0c;-webkit-box-decoration-break:clone;box-decoration-break:clone;padding-top:0px;padding-right:0px;padding-bottom:0px;padding-left:0px;}.wp-block-kadence-advancedheading.kt-adv-heading48_5f6719-d6 img.kb-inline-image, .wp-block-kadence-advancedheading.kt-adv-heading48_5f6719-d6[data-kb-block=\"kb-adv-heading48_5f6719-d6\"] img.kb-inline-image{width:150px;vertical-align:baseline;}<\/style>\n<h2 class=\"kt-adv-heading48_5f6719-d6 wp-block-kadence-advancedheading has-theme-palette-3-color has-text-color\" data-kb-block=\"kb-adv-heading48_5f6719-d6\">Adopt don&#8217;t shop!<\/h2>\n\n\n<style>.wp-block-kadence-advancedheading.kt-adv-heading48_ffff47-b0, .wp-block-kadence-advancedheading.kt-adv-heading48_ffff47-b0[data-kb-block=\"kb-adv-heading48_ffff47-b0\"]{max-width:70%;margin-right:auto;margin-left:auto;text-align:center;line-height:1.8;font-style:normal;}.wp-block-kadence-advancedheading.kt-adv-heading48_ffff47-b0 mark.kt-highlight, .wp-block-kadence-advancedheading.kt-adv-heading48_ffff47-b0[data-kb-block=\"kb-adv-heading48_ffff47-b0\"] mark.kt-highlight{font-style:normal;color:#f76a0c;-webkit-box-decoration-break:clone;box-decoration-break:clone;padding-top:0px;padding-right:0px;padding-bottom:0px;padding-left:0px;}.wp-block-kadence-advancedheading.kt-adv-heading48_ffff47-b0 img.kb-inline-image, .wp-block-kadence-advancedheading.kt-adv-heading48_ffff47-b0[data-kb-block=\"kb-adv-heading48_ffff47-b0\"] img.kb-inline-image{width:150px;vertical-align:baseline;}.wp-block-kadence-advancedheading.kt-adv-heading48_ffff47-b0[data-kb-block=\"kb-adv-heading48_ffff47-b0\"] a, a.kb-advanced-heading-link.kt-adv-heading-link48_ffff47-b0{text-decoration:underline;}.wp-block-kadence-advancedheading.kt-adv-heading48_ffff47-b0[data-kb-block=\"kb-adv-heading48_ffff47-b0\"] a:hover, a.kb-advanced-heading-link.kt-adv-heading-link48_ffff47-b0:hover{text-decoration:underline;}@media all and (max-width: 1024px){.wp-block-kadence-advancedheading.kt-adv-heading48_ffff47-b0, .wp-block-kadence-advancedheading.kt-adv-heading48_ffff47-b0[data-kb-block=\"kb-adv-heading48_ffff47-b0\"]{max-width:85%;}}@media all and (max-width: 767px){.wp-block-kadence-advancedheading.kt-adv-heading48_ffff47-b0, .wp-block-kadence-advancedheading.kt-adv-heading48_ffff47-b0[data-kb-block=\"kb-adv-heading48_ffff47-b0\"]{max-width:100%;}}<\/style>\n<p class=\"kt-adv-heading48_ffff47-b0 wp-block-kadence-advancedheading has-theme-palette-4-color has-text-color hls-underline\" data-kb-block=\"kb-adv-heading48_ffff47-b0\">Unz\u00e4hlige Katzen im In- und Ausland w\u00fcnschen sich nichts mehr als ein liebevolles Zuhause und f\u00fcrsorgliche Katzeneltern.<br>\u200b&nbsp;<br>Wir verweisen Sie gerne auf die Webseite des Tierheimes <a href=\"https:\/\/www.strubeli.ch\/index.html\"><strong>Strubeli<\/strong><\/a>, mit dem wir eine partnerschaftliche Zusammenarbeit pflegen.<a href=\"https:\/\/www.strubeli.ch\/index.html\n\"><br><\/a>&nbsp;<br>Auch Tierschutzvereine und Tierheime in ihrer Region beraten und vermitteln Samtpfoten.<\/p>\n<\/div><\/div>\n\n<\/div><\/div>\n\n\n<p><\/p>\n\n\n<style>.kb-row-layout-wrap.wp-block-kadence-rowlayout.kb-row-layout-id48_a42e37-a0{margin-top:0px;margin-bottom:0px;}.kb-row-layout-id48_a42e37-a0 > .kt-row-column-wrap{align-content:start;}:where(.kb-row-layout-id48_a42e37-a0 > .kt-row-column-wrap) > .wp-block-kadence-column{justify-content:start;}.kb-row-layout-id48_a42e37-a0 > .kt-row-column-wrap{column-gap:var(--global-kb-gap-md, 2rem);row-gap:var(--global-kb-gap-md, 2rem);padding-top:0px;padding-bottom:0px;grid-template-columns:minmax(0, 1fr);}.kb-row-layout-id48_a42e37-a0 > .kt-row-layout-overlay{opacity:0.30;}@media all and (max-width: 1024px){.kb-row-layout-id48_a42e37-a0 > .kt-row-column-wrap{grid-template-columns:minmax(0, 1fr);}}@media all and (max-width: 767px){.kb-row-layout-id48_a42e37-a0 > .kt-row-column-wrap{grid-template-columns:minmax(0, 1fr);}}<\/style><div class=\"kb-row-layout-wrap kb-row-layout-id48_a42e37-a0 alignfull has-theme-palette9-background-color kt-row-has-bg wp-block-kadence-rowlayout\"><div class=\"kt-row-column-wrap kt-has-1-columns kt-row-layout-equal kt-tab-layout-inherit kt-mobile-layout-row kt-row-valign-top\">\n<style>.kadence-column48_6957e6-48 > .kt-inside-inner-col,.kadence-column48_6957e6-48 > .kt-inside-inner-col:before{border-top-left-radius:0px;border-top-right-radius:0px;border-bottom-right-radius:0px;border-bottom-left-radius:0px;}.kadence-column48_6957e6-48 > .kt-inside-inner-col{column-gap:var(--global-kb-gap-sm, 1rem);}.kadence-column48_6957e6-48 > .kt-inside-inner-col{flex-direction:column;}.kadence-column48_6957e6-48 > .kt-inside-inner-col > .aligncenter{width:100%;}.kadence-column48_6957e6-48 > .kt-inside-inner-col:before{opacity:0.3;}.kadence-column48_6957e6-48{position:relative;}.kadence-column48_6957e6-48, .kt-inside-inner-col > .kadence-column48_6957e6-48:not(.specificity){margin-top:var(--global-kb-spacing-sm, 1.5rem);margin-bottom:var(--global-kb-spacing-sm, 1.5rem);}@media all and (max-width: 1024px){.kadence-column48_6957e6-48 > .kt-inside-inner-col{flex-direction:column;justify-content:center;}}@media all and (max-width: 767px){.kadence-column48_6957e6-48 > .kt-inside-inner-col{flex-direction:column;justify-content:center;}}<\/style>\n<div class=\"wp-block-kadence-column kadence-column48_6957e6-48\"><div class=\"kt-inside-inner-col\"><style>.kadence-column48_40da89-71 > .kt-inside-inner-col{min-height:500px;}.kadence-column48_40da89-71 > .kt-inside-inner-col,.kadence-column48_40da89-71 > .kt-inside-inner-col:before{border-top-left-radius:0px;border-top-right-radius:0px;border-bottom-right-radius:0px;border-bottom-left-radius:0px;}.kadence-column48_40da89-71 > .kt-inside-inner-col{column-gap:var(--global-kb-gap-sm, 1rem);}.kadence-column48_40da89-71 > .kt-inside-inner-col{flex-direction:column;}.kadence-column48_40da89-71 > .kt-inside-inner-col > .aligncenter{width:100%;}.kadence-column48_40da89-71 > .kt-inside-inner-col{background-image:url('https:\/\/glueckskatzen.ch\/wp-content\/uploads\/2024\/11\/IMG-20231002-WA0014_edited.jpg');background-size:50% auto;background-position:50% 50%;background-attachment:scroll;background-repeat:no-repeat;}.kadence-column48_40da89-71 > .kt-inside-inner-col:before{opacity:0.3;}.kadence-column48_40da89-71{position:relative;}@media all and (max-width: 1024px){.kadence-column48_40da89-71 > .kt-inside-inner-col{flex-direction:column;justify-content:center;}}@media all and (max-width: 767px){.kadence-column48_40da89-71 > .kt-inside-inner-col{flex-direction:column;justify-content:center;}}<\/style>\n<div class=\"wp-block-kadence-column kadence-column48_40da89-71\"><div class=\"kt-inside-inner-col\"><\/div><\/div>\n<\/div><\/div>\n\n<\/div><\/div>","protected":false},"excerpt":{"rendered":"<p>Adopt don&#8217;t shop! Unz\u00e4hlige Katzen im In- und Ausland w\u00fcnschen sich nichts mehr als ein liebevolles Zuhause und f\u00fcrsorgliche Katzeneltern.\u200b&nbsp;Wir verweisen Sie gerne auf die Webseite des Tierheimes Strubeli, mit dem wir eine partnerschaftliche Zusammenarbeit pflegen.&nbsp;Auch Tierschutzvereine und Tierheime in ihrer Region beraten und vermitteln Samtpfoten.<\/p>\n","protected":false},"author":1,"featured_media":0,"parent":0,"menu_order":0,"comment_status":"closed","ping_status":"closed","template":"","meta":{"_kadence_starter_templates_imported_post":false,"_kad_post_transparent":"","_kad_post_title":"","_kad_post_layout":"","_kad_post_sidebar_id":"","_kad_post_content_style":"","_kad_post_vertical_padding":"","_kad_post_feature":"","_kad_post_feature_position":"","_kad_post_header":false,"_kad_post_footer":false,"_kad_post_classname":"","footnotes":""},"class_list":["post-48","page","type-page","status-publish","hentry"],"featured_image_src":null,"featured_image_src_square":null,"_links":{"self":[{"href":"https:\/\/glueckskatzen.ch\/index.php?rest_route=\/wp\/v2\/pages\/48","targetHints":{"allow":["GET"]}}],"collection":[{"href":"https:\/\/glueckskatzen.ch\/index.php?rest_route=\/wp\/v2\/pages"}],"about":[{"href":"https:\/\/glueckskatzen.ch\/index.php?rest_route=\/wp\/v2\/types\/page"}],"author":[{"embeddable":true,"href":"https:\/\/glueckskatzen.ch\/index.php?rest_route=\/wp\/v2\/users\/1"}],"replies":[{"embeddable":true,"href":"https:\/\/glueckskatzen.ch\/index.php?rest_route=%2Fwp%2Fv2%2Fcomments&post=48"}],"version-history":[{"count":23,"href":"https:\/\/glueckskatzen.ch\/index.php?rest_route=\/wp\/v2\/pages\/48\/revisions"}],"predecessor-version":[{"id":1090,"href":"https:\/\/glueckskatzen.ch\/index.php?rest_route=\/wp\/v2\/pages\/48\/revisions\/1090"}],"wp:attachment":[{"href":"https:\/\/glueckskatzen.ch\/index.php?rest_route=%2Fwp%2Fv2%2Fmedia&parent=48"}],"curies":[{"name":"wp","href":"https:\/\/api.w.org\/{rel}","templated":true}]}}