{"id":716,"date":"2024-11-01T13:47:20","date_gmt":"2024-11-01T13:47:20","guid":{"rendered":"https:\/\/glueckskatzen.ch\/?page_id=716"},"modified":"2024-11-03T11:57:22","modified_gmt":"2024-11-03T11:57:22","slug":"ueber-uns-2","status":"publish","type":"page","link":"https:\/\/glueckskatzen.ch\/?page_id=716","title":{"rendered":"\u00dcber uns"},"content":{"rendered":"<style>.kb-row-layout-id716_1ec7d6-84 > .kt-row-column-wrap{align-content:start;}:where(.kb-row-layout-id716_1ec7d6-84 > .kt-row-column-wrap) > .wp-block-kadence-column{justify-content:start;}.kb-row-layout-id716_1ec7d6-84 > .kt-row-column-wrap{column-gap:var(--global-kb-gap-md, 2rem);row-gap:var(--global-kb-gap-md, 2rem);max-width:var( --global-content-width, 1475px );padding-left:var(--global-content-edge-padding);padding-right:var(--global-content-edge-padding);padding-top:var(--global-kb-spacing-5xl, 10rem);grid-template-columns:minmax(0, 1fr);}.kb-row-layout-id716_1ec7d6-84 > .kt-row-layout-overlay{opacity:1;}@media all and (max-width: 1024px){.kb-row-layout-id716_1ec7d6-84 > .kt-row-column-wrap{grid-template-columns:minmax(0, 1fr);}}@media all and (max-width: 767px){.kb-row-layout-id716_1ec7d6-84 > .kt-row-column-wrap{grid-template-columns:minmax(0, 1fr);}}<\/style><div class=\"kb-row-layout-wrap kb-row-layout-id716_1ec7d6-84 alignfull has-theme-palette8-background-color kt-row-has-bg wp-block-kadence-rowlayout\"><div class=\"kt-row-column-wrap kt-has-1-columns kt-row-layout-equal kt-tab-layout-inherit kt-mobile-layout-row kt-row-valign-top kb-theme-content-width\">\n<style>.kadence-column716_a858ae-49 > .kt-inside-inner-col,.kadence-column716_a858ae-49 > .kt-inside-inner-col:before{border-top-left-radius:0px;border-top-right-radius:0px;border-bottom-right-radius:0px;border-bottom-left-radius:0px;}.kadence-column716_a858ae-49 > .kt-inside-inner-col{column-gap:var(--global-kb-gap-sm, 1rem);}.kadence-column716_a858ae-49 > .kt-inside-inner-col{flex-direction:column;}.kadence-column716_a858ae-49 > .kt-inside-inner-col > .aligncenter{width:100%;}.kadence-column716_a858ae-49 > .kt-inside-inner-col:before{opacity:0.3;}.kadence-column716_a858ae-49{text-align:left;}.kadence-column716_a858ae-49{position:relative;}@media all and (max-width: 1024px){.kadence-column716_a858ae-49 > .kt-inside-inner-col{flex-direction:column;justify-content:center;}}@media all and (max-width: 767px){.kadence-column716_a858ae-49 > .kt-inside-inner-col{flex-direction:column;justify-content:center;}}<\/style>\n<div class=\"wp-block-kadence-column kadence-column716_a858ae-49 kb-section-dir-vertical inner-column-1\"><div class=\"kt-inside-inner-col\"><\/div><\/div>\n\n<\/div><\/div>\n\n\n<p><\/p>\n\n\n<style>.kb-row-layout-id716_d9cf16-2f > .kt-row-column-wrap{align-content:start;}:where(.kb-row-layout-id716_d9cf16-2f > .kt-row-column-wrap) > .wp-block-kadence-column{justify-content:start;}.kb-row-layout-id716_d9cf16-2f > .kt-row-column-wrap{column-gap:var(--global-kb-gap-md, 2rem);row-gap:var(--global-kb-gap-md, 2rem);max-width:var( --global-content-width, 1475px );padding-left:var(--global-content-edge-padding);padding-right:var(--global-content-edge-padding);padding-top:var(--global-kb-spacing-md, 2rem);padding-bottom:var(--global-kb-spacing-xs, 1rem);grid-template-columns:minmax(0, 1fr);}.kb-row-layout-id716_d9cf16-2f > .kt-row-layout-overlay{opacity:0.30;}@media all and (max-width: 1024px){.kb-row-layout-id716_d9cf16-2f > .kt-row-column-wrap{grid-template-columns:minmax(0, 1fr);}}@media all and (max-width: 767px){.kb-row-layout-id716_d9cf16-2f > .kt-row-column-wrap{grid-template-columns:minmax(0, 1fr);}}<\/style><div class=\"kb-row-layout-wrap kb-row-layout-id716_d9cf16-2f alignfull has-theme-palette9-background-color kt-row-has-bg wp-block-kadence-rowlayout\"><div class=\"kt-row-column-wrap kt-has-1-columns kt-row-layout-equal kt-tab-layout-inherit kt-mobile-layout-row kt-row-valign-top kb-theme-content-width\">\n<style>.kadence-column716_ec8f64-2a > .kt-inside-inner-col,.kadence-column716_ec8f64-2a > .kt-inside-inner-col:before{border-top-left-radius:0px;border-top-right-radius:0px;border-bottom-right-radius:0px;border-bottom-left-radius:0px;}.kadence-column716_ec8f64-2a > .kt-inside-inner-col{column-gap:var(--global-kb-gap-sm, 1rem);}.kadence-column716_ec8f64-2a > .kt-inside-inner-col{flex-direction:column;}.kadence-column716_ec8f64-2a > .kt-inside-inner-col > .aligncenter{width:100%;}.kadence-column716_ec8f64-2a > .kt-inside-inner-col:before{opacity:0.3;}.kadence-column716_ec8f64-2a{position:relative;}@media all and (max-width: 1024px){.kadence-column716_ec8f64-2a > .kt-inside-inner-col{flex-direction:column;justify-content:center;}}@media all and (max-width: 767px){.kadence-column716_ec8f64-2a > .kt-inside-inner-col{flex-direction:column;justify-content:center;}}<\/style>\n<div class=\"wp-block-kadence-column kadence-column716_ec8f64-2a inner-column-1\"><div class=\"kt-inside-inner-col\"><style>.wp-block-kadence-advancedheading.kt-adv-heading716_3e280f-72, .wp-block-kadence-advancedheading.kt-adv-heading716_3e280f-72[data-kb-block=\"kb-adv-heading716_3e280f-72\"]{margin-top:0px;margin-bottom:var(--global-kb-spacing-xs, 1rem);text-align:center;font-size:var(--global-kb-font-size-xl, 3rem);line-height:1.4;font-style:normal;}.wp-block-kadence-advancedheading.kt-adv-heading716_3e280f-72 mark.kt-highlight, .wp-block-kadence-advancedheading.kt-adv-heading716_3e280f-72[data-kb-block=\"kb-adv-heading716_3e280f-72\"] mark.kt-highlight{font-style:normal;color:#f76a0c;-webkit-box-decoration-break:clone;box-decoration-break:clone;padding-top:0px;padding-right:0px;padding-bottom:0px;padding-left:0px;}.wp-block-kadence-advancedheading.kt-adv-heading716_3e280f-72 img.kb-inline-image, .wp-block-kadence-advancedheading.kt-adv-heading716_3e280f-72[data-kb-block=\"kb-adv-heading716_3e280f-72\"] img.kb-inline-image{width:150px;vertical-align:baseline;}<\/style>\n<h2 class=\"kt-adv-heading716_3e280f-72 wp-block-kadence-advancedheading has-theme-palette-3-color has-text-color\" data-kb-block=\"kb-adv-heading716_3e280f-72\">Unsere Arbeit<\/h2>\n\n\n<style>.wp-block-kadence-advancedheading.kt-adv-heading716_6e9551-77, .wp-block-kadence-advancedheading.kt-adv-heading716_6e9551-77[data-kb-block=\"kb-adv-heading716_6e9551-77\"]{max-width:70%;margin-right:auto;margin-left:auto;text-align:center;line-height:1.8;font-style:normal;}.wp-block-kadence-advancedheading.kt-adv-heading716_6e9551-77 mark.kt-highlight, .wp-block-kadence-advancedheading.kt-adv-heading716_6e9551-77[data-kb-block=\"kb-adv-heading716_6e9551-77\"] mark.kt-highlight{font-style:normal;color:#f76a0c;-webkit-box-decoration-break:clone;box-decoration-break:clone;padding-top:0px;padding-right:0px;padding-bottom:0px;padding-left:0px;}.wp-block-kadence-advancedheading.kt-adv-heading716_6e9551-77 img.kb-inline-image, .wp-block-kadence-advancedheading.kt-adv-heading716_6e9551-77[data-kb-block=\"kb-adv-heading716_6e9551-77\"] img.kb-inline-image{width:150px;vertical-align:baseline;}@media all and (max-width: 1024px){.wp-block-kadence-advancedheading.kt-adv-heading716_6e9551-77, .wp-block-kadence-advancedheading.kt-adv-heading716_6e9551-77[data-kb-block=\"kb-adv-heading716_6e9551-77\"]{max-width:85%;}}@media all and (max-width: 767px){.wp-block-kadence-advancedheading.kt-adv-heading716_6e9551-77, .wp-block-kadence-advancedheading.kt-adv-heading716_6e9551-77[data-kb-block=\"kb-adv-heading716_6e9551-77\"]{max-width:100%;}}<\/style>\n<p class=\"kt-adv-heading716_6e9551-77 wp-block-kadence-advancedheading has-theme-palette-4-color has-text-color\" data-kb-block=\"kb-adv-heading716_6e9551-77\">Der Verein Gl\u00fcckskatzen setzt sich aktiv f\u00fcr den Tierschutz in der Schweiz und dem Ausland ein, insbesondere f\u00fcr das Wohl von Waisen- und Strassenkatzen, die z.B. medizinische Behandlung oder\/und ein neues Zuhause ben\u00f6tigen. Wir unterst\u00fctzen u.a. mit den finanziellen Mitteln des Vereins \u00abTNR Trap, Neuter &amp; Return\u00bb Aktionen und die Rettung und Versorgung von verletzten und herrenlosen Katzen.&nbsp;<br>&nbsp;<br>Der Verein verfolgt keine kommerziellen Zwecke und erstrebt keinen Gewinn. Die Organe sind ehrenamtlich t\u00e4tig.&nbsp;<br>&nbsp;<br><em>Der Verein ist im Kanton St. Gallen steuerbefreit, was bedeutet, dass Spenden steuerlich abzugsf\u00e4hig sind, soweit die Zuwendungen im Steuerjahr Fr. 100.- erreichen, h\u00f6chstens jedoch 20% der Nettoeink\u00fcnfte. Die Steuerbefreiung ist nach harmonisiertem Recht ausgesprochen worden und gilt deshalb in der ganzen Schweiz. Die Abzugsf\u00e4higkeit von Zuwendungen aus anderen Kantonen richten sich jedoch nach den entsprechenden kantonalen Steuerbestimmungen.<\/em><\/p>\n<\/div><\/div>\n\n<\/div><\/div>\n\n<style>.wp-block-kadence-advancedbtn.kb-btns716_bd5024-c4{gap:var(--global-kb-gap-xs, 0.5rem );justify-content:center;align-items:center;}.kt-btns716_bd5024-c4 .kt-button{font-weight:normal;font-style:normal;}.kt-btns716_bd5024-c4 .kt-btn-wrap-0{margin-right:5px;}.wp-block-kadence-advancedbtn.kt-btns716_bd5024-c4 .kt-btn-wrap-0 .kt-button{color:#555555;border-color:#555555;}.wp-block-kadence-advancedbtn.kt-btns716_bd5024-c4 .kt-btn-wrap-0 .kt-button:hover, .wp-block-kadence-advancedbtn.kt-btns716_bd5024-c4 .kt-btn-wrap-0 .kt-button:focus{color:#ffffff;border-color:#444444;}.wp-block-kadence-advancedbtn.kt-btns716_bd5024-c4 .kt-btn-wrap-0 .kt-button::before{display:none;}.wp-block-kadence-advancedbtn.kt-btns716_bd5024-c4 .kt-btn-wrap-0 .kt-button:hover, .wp-block-kadence-advancedbtn.kt-btns716_bd5024-c4 .kt-btn-wrap-0 .kt-button:focus{background:#444444;}<\/style>\n<div class=\"wp-block-kadence-advancedbtn kb-buttons-wrap kb-btns716_bd5024-c4\"><style>ul.menu .wp-block-kadence-advancedbtn .kb-btn716_b15e15-a1.kb-button{width:initial;}.wp-block-kadence-advancedbtn .kb-btn716_b15e15-a1.kb-button .kt-btn-inner-text{background:linear-gradient(135deg,var(--global-palette9) 0%,var(--global-palette9) 100%);-webkit-background-clip:text;-webkit-text-fill-color:transparent;}.wp-block-kadence-advancedbtn .kb-btn716_b15e15-a1.kb-button{background:linear-gradient(135deg,var(--global-palette1) 0%,var(--global-palette1) 100%) !important;}<\/style><a class=\"kb-button kt-button button kb-btn716_b15e15-a1 kt-btn-size-standard kt-btn-width-type-auto kb-btn-global-fill  kt-btn-has-text-true kt-btn-has-svg-false  wp-block-kadence-singlebtn\" href=\"https:\/\/glueckskatzen.ch\/?page_id=32\"><span class=\"kt-btn-inner-text\">Werden Sie aktiv<\/span><\/a><\/div>\n\n\n\n<p><\/p>\n","protected":false},"excerpt":{"rendered":"<p>Unsere Arbeit Der Verein Gl\u00fcckskatzen setzt sich aktiv f\u00fcr den Tierschutz in der Schweiz und dem Ausland ein, insbesondere f\u00fcr das Wohl von Waisen- und Strassenkatzen, die z.B. medizinische Behandlung oder\/und ein neues Zuhause ben\u00f6tigen. Wir unterst\u00fctzen u.a. mit den finanziellen Mitteln des Vereins \u00abTNR Trap, Neuter &amp; Return\u00bb Aktionen und die Rettung und Versorgung&#8230;<\/p>\n","protected":false},"author":1,"featured_media":0,"parent":0,"menu_order":0,"comment_status":"closed","ping_status":"closed","template":"","meta":{"_kadence_starter_templates_imported_post":false,"_kad_post_transparent":"","_kad_post_title":"","_kad_post_layout":"","_kad_post_sidebar_id":"","_kad_post_content_style":"","_kad_post_vertical_padding":"","_kad_post_feature":"","_kad_post_feature_position":"","_kad_post_header":false,"_kad_post_footer":false,"_kad_post_classname":"","footnotes":""},"class_list":["post-716","page","type-page","status-publish","hentry"],"featured_image_src":null,"featured_image_src_square":null,"_links":{"self":[{"href":"https:\/\/glueckskatzen.ch\/index.php?rest_route=\/wp\/v2\/pages\/716","targetHints":{"allow":["GET"]}}],"collection":[{"href":"https:\/\/glueckskatzen.ch\/index.php?rest_route=\/wp\/v2\/pages"}],"about":[{"href":"https:\/\/glueckskatzen.ch\/index.php?rest_route=\/wp\/v2\/types\/page"}],"author":[{"embeddable":true,"href":"https:\/\/glueckskatzen.ch\/index.php?rest_route=\/wp\/v2\/users\/1"}],"replies":[{"embeddable":true,"href":"https:\/\/glueckskatzen.ch\/index.php?rest_route=%2Fwp%2Fv2%2Fcomments&post=716"}],"version-history":[{"count":13,"href":"https:\/\/glueckskatzen.ch\/index.php?rest_route=\/wp\/v2\/pages\/716\/revisions"}],"predecessor-version":[{"id":1070,"href":"https:\/\/glueckskatzen.ch\/index.php?rest_route=\/wp\/v2\/pages\/716\/revisions\/1070"}],"wp:attachment":[{"href":"https:\/\/glueckskatzen.ch\/index.php?rest_route=%2Fwp%2Fv2%2Fmedia&parent=716"}],"curies":[{"name":"wp","href":"https:\/\/api.w.org\/{rel}","templated":true}]}}