{"id":916,"date":"2024-11-03T08:24:15","date_gmt":"2024-11-03T08:24:15","guid":{"rendered":"https:\/\/glueckskatzen.ch\/?page_id=916"},"modified":"2024-11-03T12:04:18","modified_gmt":"2024-11-03T12:04:18","slug":"programme","status":"publish","type":"page","link":"https:\/\/glueckskatzen.ch\/?page_id=916","title":{"rendered":"Programme"},"content":{"rendered":"\n<p><\/p>\n\n\n<style>.kb-row-layout-id916_343fdd-be > .kt-row-column-wrap{align-content:start;}:where(.kb-row-layout-id916_343fdd-be > .kt-row-column-wrap) > .wp-block-kadence-column{justify-content:start;}.kb-row-layout-id916_343fdd-be > .kt-row-column-wrap{column-gap:var(--global-kb-gap-md, 2rem);row-gap:var(--global-kb-gap-md, 2rem);padding-top:var(--global-kb-spacing-sm, 1.5rem);padding-bottom:var(--global-kb-spacing-5xl, 10rem);grid-template-columns:minmax(0, 1fr);}.kb-row-layout-id916_343fdd-be > .kt-row-layout-overlay{opacity:0.30;}@media all and (max-width: 1024px){.kb-row-layout-id916_343fdd-be > .kt-row-column-wrap{grid-template-columns:minmax(0, 1fr);}}@media all and (max-width: 767px){.kb-row-layout-id916_343fdd-be > .kt-row-column-wrap{grid-template-columns:minmax(0, 1fr);}}<\/style><div class=\"kb-row-layout-wrap kb-row-layout-id916_343fdd-be alignnone wp-block-kadence-rowlayout\"><div class=\"kt-row-column-wrap kt-has-1-columns kt-row-layout-equal kt-tab-layout-inherit kt-mobile-layout-row kt-row-valign-top\">\n<style>.kadence-column916_f035f8-17 > .kt-inside-inner-col,.kadence-column916_f035f8-17 > .kt-inside-inner-col:before{border-top-left-radius:0px;border-top-right-radius:0px;border-bottom-right-radius:0px;border-bottom-left-radius:0px;}.kadence-column916_f035f8-17 > .kt-inside-inner-col{column-gap:var(--global-kb-gap-sm, 1rem);}.kadence-column916_f035f8-17 > .kt-inside-inner-col{flex-direction:column;}.kadence-column916_f035f8-17 > .kt-inside-inner-col > .aligncenter{width:100%;}.kadence-column916_f035f8-17 > .kt-inside-inner-col:before{opacity:0.3;}.kadence-column916_f035f8-17{position:relative;}@media all and (max-width: 1024px){.kadence-column916_f035f8-17 > .kt-inside-inner-col{flex-direction:column;justify-content:center;}}@media all and (max-width: 767px){.kadence-column916_f035f8-17 > .kt-inside-inner-col{flex-direction:column;justify-content:center;}}<\/style>\n<div class=\"wp-block-kadence-column kadence-column916_f035f8-17\"><div class=\"kt-inside-inner-col\"><\/div><\/div>\n\n<\/div><\/div>\n\n<style>.kb-row-layout-id916_711576-57 > .kt-row-column-wrap{align-content:start;}:where(.kb-row-layout-id916_711576-57 > .kt-row-column-wrap) > .wp-block-kadence-column{justify-content:start;}.kb-row-layout-id916_711576-57 > .kt-row-column-wrap{column-gap:var(--global-kb-gap-md, 2rem);row-gap:var(--global-kb-gap-md, 2rem);max-width:var( --global-content-width, 1475px );padding-left:var(--global-content-edge-padding);padding-right:var(--global-content-edge-padding);padding-top:var(--global-kb-spacing-md, 2rem);padding-bottom:var(--global-kb-spacing-md, 2rem);grid-template-columns:minmax(0, 1fr);}.kb-row-layout-id916_711576-57 > .kt-row-layout-overlay{opacity:0.30;}@media all and (max-width: 1024px){.kb-row-layout-id916_711576-57 > .kt-row-column-wrap{grid-template-columns:minmax(0, 1fr);}}@media all and (max-width: 767px){.kb-row-layout-id916_711576-57 > .kt-row-column-wrap{grid-template-columns:minmax(0, 1fr);}}<\/style><div class=\"kb-row-layout-wrap kb-row-layout-id916_711576-57 alignfull has-theme-palette9-background-color kt-row-has-bg wp-block-kadence-rowlayout\"><div class=\"kt-row-column-wrap kt-has-1-columns kt-row-layout-equal kt-tab-layout-inherit kt-mobile-layout-row kt-row-valign-top kb-theme-content-width\">\n<style>.kadence-column916_eefb26-32 > .kt-inside-inner-col,.kadence-column916_eefb26-32 > .kt-inside-inner-col:before{border-top-left-radius:0px;border-top-right-radius:0px;border-bottom-right-radius:0px;border-bottom-left-radius:0px;}.kadence-column916_eefb26-32 > .kt-inside-inner-col{column-gap:var(--global-kb-gap-sm, 1rem);}.kadence-column916_eefb26-32 > .kt-inside-inner-col{flex-direction:column;}.kadence-column916_eefb26-32 > .kt-inside-inner-col > .aligncenter{width:100%;}.kadence-column916_eefb26-32 > .kt-inside-inner-col:before{opacity:0.3;}.kadence-column916_eefb26-32{position:relative;}@media all and (max-width: 1024px){.kadence-column916_eefb26-32 > .kt-inside-inner-col{flex-direction:column;justify-content:center;}}@media all and (max-width: 767px){.kadence-column916_eefb26-32 > .kt-inside-inner-col{flex-direction:column;justify-content:center;}}<\/style>\n<div class=\"wp-block-kadence-column kadence-column916_eefb26-32 inner-column-1\"><div class=\"kt-inside-inner-col\"><style>.wp-block-kadence-advancedheading.kt-adv-heading916_f4050c-01, .wp-block-kadence-advancedheading.kt-adv-heading916_f4050c-01[data-kb-block=\"kb-adv-heading916_f4050c-01\"]{margin-top:0px;margin-bottom:var(--global-kb-spacing-xs, 1rem);text-align:center;font-size:var(--global-kb-font-size-xl, 3rem);line-height:1.4;font-style:normal;}.wp-block-kadence-advancedheading.kt-adv-heading916_f4050c-01 mark.kt-highlight, .wp-block-kadence-advancedheading.kt-adv-heading916_f4050c-01[data-kb-block=\"kb-adv-heading916_f4050c-01\"] mark.kt-highlight{font-style:normal;color:#f76a0c;-webkit-box-decoration-break:clone;box-decoration-break:clone;padding-top:0px;padding-right:0px;padding-bottom:0px;padding-left:0px;}.wp-block-kadence-advancedheading.kt-adv-heading916_f4050c-01 img.kb-inline-image, .wp-block-kadence-advancedheading.kt-adv-heading916_f4050c-01[data-kb-block=\"kb-adv-heading916_f4050c-01\"] img.kb-inline-image{width:150px;vertical-align:baseline;}<\/style>\n<h2 class=\"kt-adv-heading916_f4050c-01 wp-block-kadence-advancedheading has-theme-palette-3-color has-text-color\" data-kb-block=\"kb-adv-heading916_f4050c-01\">Unsere Programme<\/h2>\n\n\n<style>.wp-block-kadence-advancedheading.kt-adv-heading916_c1e371-ae, .wp-block-kadence-advancedheading.kt-adv-heading916_c1e371-ae[data-kb-block=\"kb-adv-heading916_c1e371-ae\"]{max-width:70%;margin-right:auto;margin-left:auto;text-align:center;line-height:1.8;font-style:normal;}.wp-block-kadence-advancedheading.kt-adv-heading916_c1e371-ae mark.kt-highlight, .wp-block-kadence-advancedheading.kt-adv-heading916_c1e371-ae[data-kb-block=\"kb-adv-heading916_c1e371-ae\"] mark.kt-highlight{font-style:normal;color:#f76a0c;-webkit-box-decoration-break:clone;box-decoration-break:clone;padding-top:0px;padding-right:0px;padding-bottom:0px;padding-left:0px;}.wp-block-kadence-advancedheading.kt-adv-heading916_c1e371-ae img.kb-inline-image, .wp-block-kadence-advancedheading.kt-adv-heading916_c1e371-ae[data-kb-block=\"kb-adv-heading916_c1e371-ae\"] img.kb-inline-image{width:150px;vertical-align:baseline;}@media all and (max-width: 1024px){.wp-block-kadence-advancedheading.kt-adv-heading916_c1e371-ae, .wp-block-kadence-advancedheading.kt-adv-heading916_c1e371-ae[data-kb-block=\"kb-adv-heading916_c1e371-ae\"]{max-width:85%;}}@media all and (max-width: 767px){.wp-block-kadence-advancedheading.kt-adv-heading916_c1e371-ae, .wp-block-kadence-advancedheading.kt-adv-heading916_c1e371-ae[data-kb-block=\"kb-adv-heading916_c1e371-ae\"]{max-width:100%;}}<\/style>\n<p class=\"kt-adv-heading916_c1e371-ae wp-block-kadence-advancedheading has-theme-palette-4-color has-text-color\" data-kb-block=\"kb-adv-heading916_c1e371-ae\">Aktuell unterst\u00fctzen wir verschiedene <strong>TNR <\/strong>(Trap-Neuter-Return) und Futter Projekte im In- und Ausland. TNR steht f\u00fcr Einfangen, Kastrieren (oder Sterilisieren) und Freilassen von Strassen-Katzen und -Hunden. Sie ist eine wirksame und nachhaltige M\u00f6glichkeit, den Tieren zu einem besseren, stressfreieren und ges\u00fcnderen Leben zu verhelfen. Mit TNR verhindert man Millionen von unerw\u00fcnschtem Nachwuchs und viel Tierleid. Deswegen unterst\u00fctzen wir TNR aktiv \u00fcber Spenden in den VAE und hier in der Schweiz.<br>&nbsp;<br>Eine Katze kann \u2013 ab einem Alter von wenigen Monaten &#8211; zweimal im Jahr Junge bekommen. Jeder Wurf kann aus 4 bis 5 K\u00e4tzchen bestehen, d.h. dass in einem Jahr eine nicht-sterilisierte Katze 10 Junge bekommen kann, von denen die weiblichen K\u00e4tzchen noch im selben Jahr wieder jede 4 bis 5 zur Welt bringen kann \u2026&nbsp;<\/p>\n<\/div><\/div>\n\n<\/div><\/div>\n\n\n<p><\/p>\n\n\n<style>.kb-row-layout-id916_16f17c-32 > .kt-row-column-wrap{align-content:start;}:where(.kb-row-layout-id916_16f17c-32 > .kt-row-column-wrap) > .wp-block-kadence-column{justify-content:start;}.kb-row-layout-id916_16f17c-32 > .kt-row-column-wrap{column-gap:var(--global-kb-gap-md, 2rem);row-gap:var(--global-kb-gap-md, 2rem);max-width:var( --global-content-width, 1475px );padding-left:var(--global-content-edge-padding);padding-right:var(--global-content-edge-padding);padding-top:var(--global-kb-spacing-md, 2rem);padding-bottom:var(--global-kb-spacing-md, 2rem);grid-template-columns:minmax(0, 1fr);}.kb-row-layout-id916_16f17c-32 > .kt-row-layout-overlay{opacity:0.30;}@media all and (max-width: 1024px){.kb-row-layout-id916_16f17c-32 > .kt-row-column-wrap{grid-template-columns:minmax(0, 1fr);}}@media all and (max-width: 767px){.kb-row-layout-id916_16f17c-32 > .kt-row-column-wrap{grid-template-columns:minmax(0, 1fr);}}<\/style><div class=\"kb-row-layout-wrap kb-row-layout-id916_16f17c-32 alignfull has-theme-palette9-background-color kt-row-has-bg wp-block-kadence-rowlayout\"><div class=\"kt-row-column-wrap kt-has-1-columns kt-row-layout-equal kt-tab-layout-inherit kt-mobile-layout-row kt-row-valign-top kb-theme-content-width\">\n<style>.kadence-column916_f45e17-d2 > .kt-inside-inner-col,.kadence-column916_f45e17-d2 > .kt-inside-inner-col:before{border-top-left-radius:0px;border-top-right-radius:0px;border-bottom-right-radius:0px;border-bottom-left-radius:0px;}.kadence-column916_f45e17-d2 > .kt-inside-inner-col{column-gap:var(--global-kb-gap-sm, 1rem);}.kadence-column916_f45e17-d2 > .kt-inside-inner-col{flex-direction:column;}.kadence-column916_f45e17-d2 > .kt-inside-inner-col > .aligncenter{width:100%;}.kadence-column916_f45e17-d2 > .kt-inside-inner-col:before{opacity:0.3;}.kadence-column916_f45e17-d2{position:relative;}@media all and (max-width: 1024px){.kadence-column916_f45e17-d2 > .kt-inside-inner-col{flex-direction:column;justify-content:center;}}@media all and (max-width: 767px){.kadence-column916_f45e17-d2 > .kt-inside-inner-col{flex-direction:column;justify-content:center;}}<\/style>\n<div class=\"wp-block-kadence-column kadence-column916_f45e17-d2 inner-column-1\"><div class=\"kt-inside-inner-col\"><style>.wp-block-kadence-advancedheading.kt-adv-heading916_18f4a7-cd, .wp-block-kadence-advancedheading.kt-adv-heading916_18f4a7-cd[data-kb-block=\"kb-adv-heading916_18f4a7-cd\"]{margin-top:0px;margin-bottom:var(--global-kb-spacing-xs, 1rem);text-align:center;font-size:var(--global-kb-font-size-xl, 3rem);line-height:1.4;font-style:normal;}.wp-block-kadence-advancedheading.kt-adv-heading916_18f4a7-cd mark.kt-highlight, .wp-block-kadence-advancedheading.kt-adv-heading916_18f4a7-cd[data-kb-block=\"kb-adv-heading916_18f4a7-cd\"] mark.kt-highlight{font-style:normal;color:#f76a0c;-webkit-box-decoration-break:clone;box-decoration-break:clone;padding-top:0px;padding-right:0px;padding-bottom:0px;padding-left:0px;}.wp-block-kadence-advancedheading.kt-adv-heading916_18f4a7-cd img.kb-inline-image, .wp-block-kadence-advancedheading.kt-adv-heading916_18f4a7-cd[data-kb-block=\"kb-adv-heading916_18f4a7-cd\"] img.kb-inline-image{width:150px;vertical-align:baseline;}<\/style>\n<h2 class=\"kt-adv-heading916_18f4a7-cd wp-block-kadence-advancedheading has-theme-palette-3-color has-text-color\" data-kb-block=\"kb-adv-heading916_18f4a7-cd\">Schweiz<\/h2>\n\n\n<style>.wp-block-kadence-advancedheading.kt-adv-heading916_a28cec-9a, .wp-block-kadence-advancedheading.kt-adv-heading916_a28cec-9a[data-kb-block=\"kb-adv-heading916_a28cec-9a\"]{max-width:70%;margin-right:auto;margin-left:auto;text-align:center;line-height:1.8;font-style:normal;}.wp-block-kadence-advancedheading.kt-adv-heading916_a28cec-9a mark.kt-highlight, .wp-block-kadence-advancedheading.kt-adv-heading916_a28cec-9a[data-kb-block=\"kb-adv-heading916_a28cec-9a\"] mark.kt-highlight{font-style:normal;color:#f76a0c;-webkit-box-decoration-break:clone;box-decoration-break:clone;padding-top:0px;padding-right:0px;padding-bottom:0px;padding-left:0px;}.wp-block-kadence-advancedheading.kt-adv-heading916_a28cec-9a img.kb-inline-image, .wp-block-kadence-advancedheading.kt-adv-heading916_a28cec-9a[data-kb-block=\"kb-adv-heading916_a28cec-9a\"] img.kb-inline-image{width:150px;vertical-align:baseline;}@media all and (max-width: 1024px){.wp-block-kadence-advancedheading.kt-adv-heading916_a28cec-9a, .wp-block-kadence-advancedheading.kt-adv-heading916_a28cec-9a[data-kb-block=\"kb-adv-heading916_a28cec-9a\"]{max-width:85%;}}@media all and (max-width: 767px){.wp-block-kadence-advancedheading.kt-adv-heading916_a28cec-9a, .wp-block-kadence-advancedheading.kt-adv-heading916_a28cec-9a[data-kb-block=\"kb-adv-heading916_a28cec-9a\"]{max-width:100%;}}<\/style>\n<p class=\"kt-adv-heading916_a28cec-9a wp-block-kadence-advancedheading has-theme-palette-4-color has-text-color\" data-kb-block=\"kb-adv-heading916_a28cec-9a\"><strong>Futter- und Materialspenden<\/strong><br>Wir sammeln mehrmals pro Jahr Futter (Nass- und Trockenfutter, Leckerli etc.) von Privatpersonen, teilweise auch von Grossverteilern. Dieses dringend ben\u00f6tigte Futter verteilen wir an Tiersch\u00fctzer in der Schweiz, die ganze Kolonien mit verwilderten Katzen regelm\u00e4ssig f\u00fcttern. Auch Frotteewaren, Kratzb\u00e4ume, Katzenbettchen, H\u00f6hlen etc. sind willkommen. Damit lassen sich f\u00fcr die kalten Wintermonate warme Nestchen bauen, so dass neben einem satten B\u00e4uchlein auch f\u00fcr warme Pf\u00f6tchen gesorgt ist.<br>&nbsp;<br>Ihre Katze mag das Futter nicht? Das bequeme Kuschelbett wird links liegengelassen? Lassen sie uns gerne das Futter \/ Material zukommen. Die verwilderten Katzen danken von Herzen.<br><br><strong>Finanzielle Unterst\u00fctzung<\/strong><br>Wir unterst\u00fctzen punktuell und nach M\u00f6glichkeit private Tiersch\u00fctzerInnen und kleinere Vereine mit einem finanziellen Zustupf f\u00fcr Tierarztkosten, Kastrationen und Futter.<\/p>\n<\/div><\/div>\n\n<\/div><\/div>\n\n\n<p><\/p>\n\n\n<style>.kb-row-layout-id916_35e520-e3 > .kt-row-column-wrap{align-content:start;}:where(.kb-row-layout-id916_35e520-e3 > .kt-row-column-wrap) > .wp-block-kadence-column{justify-content:start;}.kb-row-layout-id916_35e520-e3 > .kt-row-column-wrap{column-gap:var(--global-kb-gap-md, 2rem);row-gap:var(--global-kb-gap-md, 2rem);max-width:var( --global-content-width, 1475px );padding-left:var(--global-content-edge-padding);padding-right:var(--global-content-edge-padding);padding-top:var(--global-kb-spacing-md, 2rem);padding-bottom:var(--global-kb-spacing-md, 2rem);grid-template-columns:minmax(0, 1fr);}.kb-row-layout-id916_35e520-e3 > .kt-row-layout-overlay{opacity:0.30;}@media all and (max-width: 1024px){.kb-row-layout-id916_35e520-e3 > .kt-row-column-wrap{grid-template-columns:minmax(0, 1fr);}}@media all and (max-width: 767px){.kb-row-layout-id916_35e520-e3 > .kt-row-column-wrap{grid-template-columns:minmax(0, 1fr);}}<\/style><div class=\"kb-row-layout-wrap kb-row-layout-id916_35e520-e3 alignfull has-theme-palette9-background-color kt-row-has-bg wp-block-kadence-rowlayout\"><div class=\"kt-row-column-wrap kt-has-1-columns kt-row-layout-equal kt-tab-layout-inherit kt-mobile-layout-row kt-row-valign-top kb-theme-content-width\">\n<style>.kadence-column916_f1306c-ed > .kt-inside-inner-col,.kadence-column916_f1306c-ed > .kt-inside-inner-col:before{border-top-left-radius:0px;border-top-right-radius:0px;border-bottom-right-radius:0px;border-bottom-left-radius:0px;}.kadence-column916_f1306c-ed > .kt-inside-inner-col{column-gap:var(--global-kb-gap-sm, 1rem);}.kadence-column916_f1306c-ed > .kt-inside-inner-col{flex-direction:column;}.kadence-column916_f1306c-ed > .kt-inside-inner-col > .aligncenter{width:100%;}.kadence-column916_f1306c-ed > .kt-inside-inner-col:before{opacity:0.3;}.kadence-column916_f1306c-ed{position:relative;}@media all and (max-width: 1024px){.kadence-column916_f1306c-ed > .kt-inside-inner-col{flex-direction:column;justify-content:center;}}@media all and (max-width: 767px){.kadence-column916_f1306c-ed > .kt-inside-inner-col{flex-direction:column;justify-content:center;}}<\/style>\n<div class=\"wp-block-kadence-column kadence-column916_f1306c-ed inner-column-1\"><div class=\"kt-inside-inner-col\"><style>.wp-block-kadence-advancedheading.kt-adv-heading916_0a4719-18, .wp-block-kadence-advancedheading.kt-adv-heading916_0a4719-18[data-kb-block=\"kb-adv-heading916_0a4719-18\"]{margin-top:0px;margin-bottom:var(--global-kb-spacing-xs, 1rem);text-align:center;font-size:var(--global-kb-font-size-xl, 3rem);line-height:1.4;font-style:normal;}.wp-block-kadence-advancedheading.kt-adv-heading916_0a4719-18 mark.kt-highlight, .wp-block-kadence-advancedheading.kt-adv-heading916_0a4719-18[data-kb-block=\"kb-adv-heading916_0a4719-18\"] mark.kt-highlight{font-style:normal;color:#f76a0c;-webkit-box-decoration-break:clone;box-decoration-break:clone;padding-top:0px;padding-right:0px;padding-bottom:0px;padding-left:0px;}.wp-block-kadence-advancedheading.kt-adv-heading916_0a4719-18 img.kb-inline-image, .wp-block-kadence-advancedheading.kt-adv-heading916_0a4719-18[data-kb-block=\"kb-adv-heading916_0a4719-18\"] img.kb-inline-image{width:150px;vertical-align:baseline;}<\/style>\n<h2 class=\"kt-adv-heading916_0a4719-18 wp-block-kadence-advancedheading has-theme-palette-3-color has-text-color\" data-kb-block=\"kb-adv-heading916_0a4719-18\">Dubai<\/h2>\n\n\n<style>.wp-block-kadence-advancedheading.kt-adv-heading916_026193-d0, .wp-block-kadence-advancedheading.kt-adv-heading916_026193-d0[data-kb-block=\"kb-adv-heading916_026193-d0\"]{max-width:70%;margin-right:auto;margin-left:auto;text-align:center;line-height:1.8;font-style:normal;}.wp-block-kadence-advancedheading.kt-adv-heading916_026193-d0 mark.kt-highlight, .wp-block-kadence-advancedheading.kt-adv-heading916_026193-d0[data-kb-block=\"kb-adv-heading916_026193-d0\"] mark.kt-highlight{font-style:normal;color:#f76a0c;-webkit-box-decoration-break:clone;box-decoration-break:clone;padding-top:0px;padding-right:0px;padding-bottom:0px;padding-left:0px;}.wp-block-kadence-advancedheading.kt-adv-heading916_026193-d0 img.kb-inline-image, .wp-block-kadence-advancedheading.kt-adv-heading916_026193-d0[data-kb-block=\"kb-adv-heading916_026193-d0\"] img.kb-inline-image{width:150px;vertical-align:baseline;}@media all and (max-width: 1024px){.wp-block-kadence-advancedheading.kt-adv-heading916_026193-d0, .wp-block-kadence-advancedheading.kt-adv-heading916_026193-d0[data-kb-block=\"kb-adv-heading916_026193-d0\"]{max-width:85%;}}@media all and (max-width: 767px){.wp-block-kadence-advancedheading.kt-adv-heading916_026193-d0, .wp-block-kadence-advancedheading.kt-adv-heading916_026193-d0[data-kb-block=\"kb-adv-heading916_026193-d0\"]{max-width:100%;}}<\/style>\n<p class=\"kt-adv-heading916_026193-d0 wp-block-kadence-advancedheading has-theme-palette-4-color has-text-color\" data-kb-block=\"kb-adv-heading916_026193-d0\"><strong>TNR<\/strong><br>Besonders in den VAE k\u00e4mpfen die Tiersch\u00fctzerInnen t\u00e4glich mit dem massiven Anstieg der Strassenkatzenpopulation. Es ist unm\u00f6glich, f\u00fcr jede von ihnen ein liebevolles Zuhause vor Ort oder in einem anderen Land zu finden. Die Katzen werden in ihrem t\u00e4glichen \u00dcberlebenskampf auf der Strasse konkret von den Tiersch\u00fctzerInnen mit Futter, medizinischer Hilfe und Impfungen versorgt, aber alles das w\u00fcrde keinen Sinn ergeben, wenn man die unkontrollierte Vermehrung der Katzen nicht stoppen w\u00fcrde.&nbsp;<br>&nbsp;<br>Wir sind engem Kontakt zu Tiersch\u00fctzerInnen in den VAE, welche die TNR-Aktionen organisieren und durchf\u00fchren. Sie kennen die Lebensumgebungen und &#8211; Umst\u00e4nde der Katzen sehr gut, teilweise auch die individuellen Tiere, und stellen sicher, dass alles mit so wenig Stress wie m\u00f6glich f\u00fcr die Katzen abl\u00e4uft. Die Tier\u00e4rztInnen, die die Kastrationen und Sterilisationen in ihren Praxen durchf\u00fchren, unterst\u00fctzen damit aktiv den Tierschutz und setzen sich f\u00fcr das Wohl der Katzen ein. Nach dem medizinischen Eingriff werden die Katzen \u201cmarkiert\u201d, d.h. in den meisten F\u00e4llen wird ein kleiner Schnitt am Ohr gemacht, und wieder in ihrer gewohnten Umgebung ausgesetzt.&nbsp;<\/p>\n<\/div><\/div>\n\n<\/div><\/div>\n\n\n<p><\/p>\n","protected":false},"excerpt":{"rendered":"<p>Unsere Programme Aktuell unterst\u00fctzen wir verschiedene TNR (Trap-Neuter-Return) und Futter Projekte im In- und Ausland. TNR steht f\u00fcr Einfangen, Kastrieren (oder Sterilisieren) und Freilassen von Strassen-Katzen und -Hunden. Sie ist eine wirksame und nachhaltige M\u00f6glichkeit, den Tieren zu einem besseren, stressfreieren und ges\u00fcnderen Leben zu verhelfen. Mit TNR verhindert man Millionen von unerw\u00fcnschtem Nachwuchs und&#8230;<\/p>\n","protected":false},"author":1,"featured_media":0,"parent":0,"menu_order":0,"comment_status":"closed","ping_status":"closed","template":"","meta":{"_kadence_starter_templates_imported_post":false,"_kad_post_transparent":"","_kad_post_title":"","_kad_post_layout":"","_kad_post_sidebar_id":"","_kad_post_content_style":"","_kad_post_vertical_padding":"","_kad_post_feature":"","_kad_post_feature_position":"","_kad_post_header":false,"_kad_post_footer":false,"_kad_post_classname":"","footnotes":""},"class_list":["post-916","page","type-page","status-publish","hentry"],"featured_image_src":null,"featured_image_src_square":null,"_links":{"self":[{"href":"https:\/\/glueckskatzen.ch\/index.php?rest_route=\/wp\/v2\/pages\/916","targetHints":{"allow":["GET"]}}],"collection":[{"href":"https:\/\/glueckskatzen.ch\/index.php?rest_route=\/wp\/v2\/pages"}],"about":[{"href":"https:\/\/glueckskatzen.ch\/index.php?rest_route=\/wp\/v2\/types\/page"}],"author":[{"embeddable":true,"href":"https:\/\/glueckskatzen.ch\/index.php?rest_route=\/wp\/v2\/users\/1"}],"replies":[{"embeddable":true,"href":"https:\/\/glueckskatzen.ch\/index.php?rest_route=%2Fwp%2Fv2%2Fcomments&post=916"}],"version-history":[{"count":7,"href":"https:\/\/glueckskatzen.ch\/index.php?rest_route=\/wp\/v2\/pages\/916\/revisions"}],"predecessor-version":[{"id":1084,"href":"https:\/\/glueckskatzen.ch\/index.php?rest_route=\/wp\/v2\/pages\/916\/revisions\/1084"}],"wp:attachment":[{"href":"https:\/\/glueckskatzen.ch\/index.php?rest_route=%2Fwp%2Fv2%2Fmedia&parent=916"}],"curies":[{"name":"wp","href":"https:\/\/api.w.org\/{rel}","templated":true}]}}