{"id":988,"date":"2024-11-03T09:56:25","date_gmt":"2024-11-03T09:56:25","guid":{"rendered":"https:\/\/glueckskatzen.ch\/?page_id=988"},"modified":"2024-11-03T12:09:12","modified_gmt":"2024-11-03T12:09:12","slug":"impressum","status":"publish","type":"page","link":"https:\/\/glueckskatzen.ch\/?page_id=988","title":{"rendered":"Impressum"},"content":{"rendered":"<style>.kb-row-layout-id988_51b638-90 > .kt-row-column-wrap{align-content:start;}:where(.kb-row-layout-id988_51b638-90 > .kt-row-column-wrap) > .wp-block-kadence-column{justify-content:start;}.kb-row-layout-id988_51b638-90 > .kt-row-column-wrap{column-gap:var(--global-kb-gap-md, 2rem);row-gap:var(--global-kb-gap-md, 2rem);padding-top:var(--global-kb-spacing-sm, 1.5rem);padding-bottom:var(--global-kb-spacing-5xl, 10rem);grid-template-columns:minmax(0, 1fr);}.kb-row-layout-id988_51b638-90 > .kt-row-layout-overlay{opacity:0.30;}@media all and (max-width: 1024px){.kb-row-layout-id988_51b638-90 > .kt-row-column-wrap{grid-template-columns:minmax(0, 1fr);}}@media all and (max-width: 767px){.kb-row-layout-id988_51b638-90 > .kt-row-column-wrap{grid-template-columns:minmax(0, 1fr);}}<\/style><div class=\"kb-row-layout-wrap kb-row-layout-id988_51b638-90 alignnone wp-block-kadence-rowlayout\"><div class=\"kt-row-column-wrap kt-has-1-columns kt-row-layout-equal kt-tab-layout-inherit kt-mobile-layout-row kt-row-valign-top\">\n<style>.kadence-column988_0dce94-d8 > .kt-inside-inner-col,.kadence-column988_0dce94-d8 > .kt-inside-inner-col:before{border-top-left-radius:0px;border-top-right-radius:0px;border-bottom-right-radius:0px;border-bottom-left-radius:0px;}.kadence-column988_0dce94-d8 > .kt-inside-inner-col{column-gap:var(--global-kb-gap-sm, 1rem);}.kadence-column988_0dce94-d8 > .kt-inside-inner-col{flex-direction:column;}.kadence-column988_0dce94-d8 > .kt-inside-inner-col > .aligncenter{width:100%;}.kadence-column988_0dce94-d8 > .kt-inside-inner-col:before{opacity:0.3;}.kadence-column988_0dce94-d8{position:relative;}@media all and (max-width: 1024px){.kadence-column988_0dce94-d8 > .kt-inside-inner-col{flex-direction:column;justify-content:center;}}@media all and (max-width: 767px){.kadence-column988_0dce94-d8 > .kt-inside-inner-col{flex-direction:column;justify-content:center;}}<\/style>\n<div class=\"wp-block-kadence-column kadence-column988_0dce94-d8\"><div class=\"kt-inside-inner-col\"><\/div><\/div>\n\n<\/div><\/div>\n\n\n<p><\/p>\n\n\n\n<p><\/p>\n\n\n\n<p>Der Inhaber der Webseite ist der Verein&nbsp;<br>Gl\u00fcckskatzen<br>c\/o Vize-Pr\u00e4sidentin Nadja Scherle<br>Mittlere Bettenwiesenstrasse 19, 9300 Wittenbach<br>info@glueckskatzen.ch<\/p>\n\n\n\n<p><strong>Datenschutzerkl\u00e4rung<\/strong><\/p>\n\n\n\n<p>Wir nehmen den Schutz Ihrer pers\u00f6nlichen Daten sehr ernst. Wir behandeln sie vertraulich und entsprechend der gesetzlichen Datenschutzvorschriften sowie dieser Datenschutzerkl\u00e4rung.<\/p>\n\n\n\n<p><strong>     1. Personenbezogene Daten im Kontakt- und Mitgliederformular<\/strong><\/p>\n\n\n\n<p>Unsere Webseite kann grunds\u00e4tzlich ohne die Eingabe von personenbezogenen Daten genutzt werden. Ihre Erfassung geschieht freiwillig, wenn Sie uns diese direkt mitteilen, z.B. \u00fcber ein Formular eingeben, und umfasst ggf. Ihre Bestandsdaten (z.B. Name, Adresse) und Ihre Kontaktdaten (z.B. E-Mail, Telefonnummer).<\/p>\n\n\n\n<p>Wenn Sie uns Anfragen \u00fcber das Kontaktformular oder den Mitgliederantrag auf der Webseite zukommen lassen, werden die Informationen aus dem betreffenden Formular inklusive der von Ihnen dort angegebenen Kontaktdaten zwecks Bearbeitung Ihrer Anfrage und f\u00fcr die weitere Kommunikation oder Mitgliederkorrespondenz gespeichert. Die Weitergabe dieser Daten erfolgt nicht ohne Ihre ausdr\u00fcckliche Einwilligung.<\/p>\n\n\n\n<p>Die Verarbeitung der durch Sie in das Kontaktformular oder den Mitgliederantrag eingegebenen Daten erfolgt damit insbesondere auf Grundlage Ihrer Einwilligung nach Art. 6 Abs. 1 lit. a) DSGVO. Die erteilte Einwilligung k\u00f6nnen Sie jederzeit widerrufen. Dazu reicht eine formlose Mitteilung beispielsweise per E-Mail aus. Grunds\u00e4tzlich bleibt die Rechtm\u00e4ssigkeit der bis zum Widerruf erfolgten Datenverarbeitungsvorg\u00e4nge unber\u00fchrt.<\/p>\n\n\n\n<p>Auf Wunsch geben wir Ihnen Auskunft \u00fcber die von Ihnen erhobenen, gespeicherten und benutzten Daten.<\/p>\n\n\n\n<p><strong>     2. L\u00f6schung Ihrer Daten<\/strong><\/p>\n\n\n\n<p>S\u00e4mtliche von Ihnen bereitgestellte Daten verbleiben bei uns, bis Sie uns zur L\u00f6schung derselben auffordern, Ihre Einwilligung zur Speicherung widerrufen oder der Zweck f\u00fcr die Datenspeicherung entf\u00e4llt. Letzteres ist beispielsweise bei einer abgeschlossenen Bearbeitung Ihrer Anfrage oder Ihrem Austritt aus dem Verein der Fall. Eine \u00dcberpr\u00fcfung der Erforderlichkeit erfolgt alle zwei Jahre.<\/p>\n\n\n\n<p><strong>     3. Automatisch erfasste Daten<\/strong><\/p>\n\n\n\n<p>Es gibt auch Daten, die automatisch beim Besuch unserer Webseite, z.B. durch Ihren Computer oder Ihr Smartphone, erfasst werden. Hierbei handelt es sich vor allem um technische Daten, z.B. mit welchem Internetbrowser Sie im Internet unterwegs sind, welches Betriebssystem Sie nutzen oder an welchem Tag oder zu welcher Uhrzeit Sie unsere Webseite besucht haben.<\/p>\n\n\n\n<p><strong>     4. Sicherheit im Internet<\/strong><\/p>\n\n\n\n<p>In Zusammenarbeit mit unseren Hosting-Providern bem\u00fchen wir uns, die Datenbanken so gut wie m\u00f6glich vor fremden Zugriffen, Verlusten, Missbrauch oder vor F\u00e4lschung zu sch\u00fctzen. Gleichzeitig m\u00f6chten wir Sie darauf hinweisen, dass die Daten\u00fcbertragung im Internet Sicherheitsl\u00fccken aufweisen kann. Ein l\u00fcckenloser Schutz der Daten vor dem Zugriff durch Dritte ist somit nicht m\u00f6glich.<\/p>\n\n\n\n<p><strong>     5. Youtube Videos (Plug-in)<\/strong><\/p>\n\n\n\n<p>Es kommt vor, dass wir auf unserer Webseite Videos \u00fcber Youtube einbetten. Dieser Dienst der amerikanischen Google LLC verwendet unter anderem Cookies und infolgedessen werden Daten an Google in den USA \u00fcbertragen, wobei wir davon ausgehen, dass in diesem Rahmen kein personenbezogenes Tracking allein durch die Nutzung unserer Webseite stattfindet. Google hat sich verpflichtet, einen angemessenen Datenschutz gem\u00e4ss dem amerikanisch-europ\u00e4ischen und dem amerikanisch-schweizerischen Privacy Shield zu gew\u00e4hrleisten. Weitere Informationen finden sich in der Datenschutzerkl\u00e4rung von Google.<\/p>\n\n\n\n<p>Wenn Sie eine Seite besuchen, die mit einem YouTube Plug-in ausgestattet ist, wird eine Verbindung zu den Servern von YouTube hergestellt. Dabei wird dem YouTube-Server mitgeteilt, welche unserer Seiten von Ihnen besucht wurde. Sofern Sie mit einem YouTube-Account eingeloggt sind, erm\u00f6glichen Sie YouTube, Ihr Surfverhalten direkt Ihrem pers\u00f6nlichen Profil zuzuordnen.<\/p>\n\n\n\n<p><strong>     6. Vimeo Videos (Plug-in)<\/strong><\/p>\n\n\n\n<p>Es kommt vor, dass wir auf unserer Webseite Videos \u00fcber Vimeo einbetten. Der Betreiber f\u00fcr den relevanten Plug-ins ist die Vimeo Inc., 55 West Eighteenth th Street, New York, New York 10011, USA.<\/p>\n\n\n\n<p>Wenn Sie eine Seite Besuchen, die mit einem Vimeo Plug-in ausgestattet ist, wird eine Verbindung zu den Servern von Vimeo hergestellt. Dabei wird dem Vimeo Server mitgeteilt, welche unserer Seiten von Ihnen besucht wurde. Sofern Sie mit einem Vimeo-Account eingeloggt sind, erm\u00f6glichen Sie Vimeo, Ihr Surfverhalten direkt Ihrem pers\u00f6nlichen Profil zuzuordnen. Das kann durch Sie verhindert werden, indem Sie sich aus Ihrem Vimeo-Account ausloggen.<\/p>\n\n\n\n<p>Weitere Informationen zum Umgang mit Nutzerdaten finden Sie in der Datenschutzerkl\u00e4rung von Vimeo unter: https:\/\/vimeo.com\/privacy.<\/p>\n\n\n\n<p><strong>     7. Verantwortliche Stelle<\/strong><\/p>\n\n\n\n<p>Verantwortliche Stelle im Sinne der Datenschutzgesetze, insbesondere der EU-Datenschutzgrundverordnung (DSGVO), ist:<\/p>\n\n\n\n<p>Gl\u00fcckskatzen<br>Vertreten durch die Vize-Pr\u00e4sidentin Nadja Scherle<br>Mittlere Bettenwiesenstrasse 19, 9300 Wittenbach<br>Emailadresse: nadja@glueckskatzen.ch<\/p>\n\n\n\n<p><strong>Haftungsausschluss<\/strong><\/p>\n\n\n\n<p>Unsere Webseite enth\u00e4lt Links zu externen Webseiten Dritter, auf deren Inhalte wir keinen Einfluss haben. F\u00fcr die Inhalte der verlinkten Seiten ist stets der jeweilige Anbietende oder Betreibende der Seiten verantwortlich. F\u00fcr die Inhalte und die Richtigkeit der Informationen verlinkter Websites<\/p>\n\n\n\n<p>fremder Informationsanbietenden wird keine Gew\u00e4hr \u00fcbernommen. Die verlinkten Seiten wurden zum Zeitpunkt der Verlinkung auf m\u00f6gliche Rechtsverst\u00f6sse ohne Beanstandung \u00fcberpr\u00fcft. Bei Bekanntwerden von Rechtsverletzungen werden wir derartige Links umgehend entfernen.<\/p>\n\n\n\n<p><strong>Copyright <\/strong><\/p>\n\n\n\n<p>S\u00e4mtliche Texte, Bilder und andere auf unserer Webseite ver\u00f6ffentlichten Werke unterliegen unserem Copyright. Jede Vervielf\u00e4ltigung, Verbreitung, Speicherung, \u00dcbermittlung, Sendung und Wieder- bzw. Weitergabe der Inhalte ist ohne unsere schriftliche Genehmigung ausdr\u00fccklich untersagt.<\/p>\n\n\n\n<p><\/p>\n","protected":false},"excerpt":{"rendered":"<p>Der Inhaber der Webseite ist der Verein&nbsp;Gl\u00fcckskatzenc\/o Vize-Pr\u00e4sidentin Nadja ScherleMittlere Bettenwiesenstrasse 19, 9300 Wittenbachinfo@glueckskatzen.ch Datenschutzerkl\u00e4rung Wir nehmen den Schutz Ihrer pers\u00f6nlichen Daten sehr ernst. Wir behandeln sie vertraulich und entsprechend der gesetzlichen Datenschutzvorschriften sowie dieser Datenschutzerkl\u00e4rung. 1. Personenbezogene Daten im Kontakt- und Mitgliederformular Unsere Webseite kann grunds\u00e4tzlich ohne die Eingabe von personenbezogenen Daten genutzt werden&#8230;.<\/p>\n","protected":false},"author":1,"featured_media":0,"parent":0,"menu_order":0,"comment_status":"closed","ping_status":"closed","template":"","meta":{"_kadence_starter_templates_imported_post":false,"_kad_post_transparent":"","_kad_post_title":"","_kad_post_layout":"","_kad_post_sidebar_id":"","_kad_post_content_style":"","_kad_post_vertical_padding":"","_kad_post_feature":"","_kad_post_feature_position":"","_kad_post_header":false,"_kad_post_footer":false,"_kad_post_classname":"","footnotes":""},"class_list":["post-988","page","type-page","status-publish","hentry"],"featured_image_src":null,"featured_image_src_square":null,"_links":{"self":[{"href":"https:\/\/glueckskatzen.ch\/index.php?rest_route=\/wp\/v2\/pages\/988","targetHints":{"allow":["GET"]}}],"collection":[{"href":"https:\/\/glueckskatzen.ch\/index.php?rest_route=\/wp\/v2\/pages"}],"about":[{"href":"https:\/\/glueckskatzen.ch\/index.php?rest_route=\/wp\/v2\/types\/page"}],"author":[{"embeddable":true,"href":"https:\/\/glueckskatzen.ch\/index.php?rest_route=\/wp\/v2\/users\/1"}],"replies":[{"embeddable":true,"href":"https:\/\/glueckskatzen.ch\/index.php?rest_route=%2Fwp%2Fv2%2Fcomments&post=988"}],"version-history":[{"count":7,"href":"https:\/\/glueckskatzen.ch\/index.php?rest_route=\/wp\/v2\/pages\/988\/revisions"}],"predecessor-version":[{"id":1092,"href":"https:\/\/glueckskatzen.ch\/index.php?rest_route=\/wp\/v2\/pages\/988\/revisions\/1092"}],"wp:attachment":[{"href":"https:\/\/glueckskatzen.ch\/index.php?rest_route=%2Fwp%2Fv2%2Fmedia&parent=988"}],"curies":[{"name":"wp","href":"https:\/\/api.w.org\/{rel}","templated":true}]}}